{"id":44,"date":"2020-11-03T23:44:50","date_gmt":"2020-11-03T23:44:50","guid":{"rendered":"http:\/\/gpingenieria.cl\/?page_id=44"},"modified":"2020-11-12T23:02:19","modified_gmt":"2020-11-12T23:02:19","slug":"quienes-somos","status":"publish","type":"page","link":"https:\/\/gpingenieria.cl\/index.php\/quienes-somos\/","title":{"rendered":"Qui\u00e9nes somos"},"content":{"rendered":"[et_pb_section fb_built=\u00bb1&#8243; admin_label=\u00bbsection\u00bb _builder_version=\u00bb3.22&#8243;][et_pb_row admin_label=\u00bbrow\u00bb _builder_version=\u00bb3.25&#8243; background_size=\u00bbinitial\u00bb background_position=\u00bbtop_left\u00bb background_repeat=\u00bbrepeat\u00bb][et_pb_column type=\u00bb4_4&#8243; _builder_version=\u00bb3.25&#8243; custom_padding=\u00bb|||\u00bb custom_padding__hover=\u00bb|||\u00bb][et_pb_text admin_label=\u00bbText\u00bb _builder_version=\u00bb3.27.4&#8243; background_size=\u00bbinitial\u00bb background_position=\u00bbtop_left\u00bb background_repeat=\u00bbrepeat\u00bb]<p><\/p>\n<p>GP Ingenier\u00eda y Servicios S.p.A., Nace en Octubre del 2018, impulsada por la visi\u00f3n de su fundador de satisfacer la necesidad del mercado respecto de los servicios de Ingenier\u00eda, Montaje y Mantenimiento en la Industria Qu\u00edmica, Gases Industriales y Medicinales, Electricidad y Control Autom\u00e1tico. Integrando Profesionales y T\u00e9cnicos con una amplia experiencia en estas \u00e1reas.<\/p>\n<p><\/p>\n<p><\/p>\n<p>En GP Ingenier\u00eda actuamos como verdaderos Socios Tecnol\u00f3gicos de nuestros clientes, incorporamos conocimientos t\u00e9cnicos y la experiencia de 15 a\u00f1os obtenida por su due\u00f1o y Colaboradores. De esta manera, nuestros clientes se pueden enfocar en su propio negocio, alcanzando mayor productividad y capacidad para competir. Una determinada preocupaci\u00f3n por la calidad de nuestros servicios nos ha permitido el prestigio, desarrollo y viabilidad empresarial, basando la relaci\u00f3n con nuestros clientes en la total transparencia y confianza.<\/p>\n<p>&nbsp;<\/p>\n<p>&nbsp;<\/p>\n<p>&nbsp;<\/p>\n<p>&nbsp;<\/p>\n<p>&nbsp;<\/p>\n<p>&nbsp;<\/p>\n<p><\/p>\n<p><\/p>\n<p><\/p>[\/et_pb_text][\/et_pb_column][\/et_pb_row][\/et_pb_section]","protected":false},"excerpt":{"rendered":"<p>[et_pb_section fb_built=\u00bb1&#8243; admin_label=\u00bbsection\u00bb _builder_version=\u00bb3.22&#8243;][et_pb_row admin_label=\u00bbrow\u00bb _builder_version=\u00bb3.25&#8243; background_size=\u00bbinitial\u00bb background_position=\u00bbtop_left\u00bb background_repeat=\u00bbrepeat\u00bb][et_pb_column type=\u00bb4_4&#8243; _builder_version=\u00bb3.25&#8243; custom_padding=\u00bb|||\u00bb custom_padding__hover=\u00bb|||\u00bb][et_pb_text admin_label=\u00bbText\u00bb _builder_version=\u00bb3.27.4&#8243; background_size=\u00bbinitial\u00bb background_position=\u00bbtop_left\u00bb background_repeat=\u00bbrepeat\u00bb] GP Ingenier\u00eda y Servicios S.p.A., Nace en Octubre del 2018, impulsada por la visi\u00f3n de su fundador de satisfacer la necesidad del mercado respecto de los servicios de Ingenier\u00eda, Montaje y Mantenimiento en la Industria Qu\u00edmica, Gases [&hellip;]<\/p>\n","protected":false},"author":1,"featured_media":0,"parent":0,"menu_order":0,"comment_status":"closed","ping_status":"closed","template":"","meta":{"_et_pb_use_builder":"on","_et_pb_old_content":"<!-- wp:paragraph -->\n<p>GP Ingenier\u00eda y Servicios S.p.A., Nace en Octubre del 2018, impulsada por la visi\u00f3n de su fundador de satisfacer la necesidad del mercado respecto de los servicios de Ingenier\u00eda, Montaje y Mantenimiento en la Industria Qu\u00edmica, Gases Industriales y Medicinales, Electricidad y Control Autom\u00e1tico. Integrando Profesionales y T\u00e9cnicos con una amplia experiencia en estas \u00e1reas.<\/p>\n<!-- \/wp:paragraph -->\n\n<!-- wp:paragraph -->\n<p>En GP Ingenier\u00eda actuamos como verdaderos Socios Tecnol\u00f3gicos de nuestros clientes, incorporamos conocimientos t\u00e9cnicos y la experiencia de 15 a\u00f1os obtenida por su due\u00f1o y Colaboradores. De esta manera, nuestros clientes se pueden enfocar en su propio negocio, alcanzando mayor productividad y capacidad para competir. Una determinada preocupaci\u00f3n por la calidad de nuestros servicios nos ha permitido el prestigio, desarrollo y viabilidad empresarial, basando la relaci\u00f3n con nuestros clientes en la total transparencia y confianza.<\/p>\n<!-- \/wp:paragraph -->\n\n<!-- wp:paragraph -->\n<p><\/p>\n<!-- \/wp:paragraph -->","_et_gb_content_width":"1080"},"_links":{"self":[{"href":"https:\/\/gpingenieria.cl\/index.php\/wp-json\/wp\/v2\/pages\/44"}],"collection":[{"href":"https:\/\/gpingenieria.cl\/index.php\/wp-json\/wp\/v2\/pages"}],"about":[{"href":"https:\/\/gpingenieria.cl\/index.php\/wp-json\/wp\/v2\/types\/page"}],"author":[{"embeddable":true,"href":"https:\/\/gpingenieria.cl\/index.php\/wp-json\/wp\/v2\/users\/1"}],"replies":[{"embeddable":true,"href":"https:\/\/gpingenieria.cl\/index.php\/wp-json\/wp\/v2\/comments?post=44"}],"version-history":[{"count":4,"href":"https:\/\/gpingenieria.cl\/index.php\/wp-json\/wp\/v2\/pages\/44\/revisions"}],"predecessor-version":[{"id":77,"href":"https:\/\/gpingenieria.cl\/index.php\/wp-json\/wp\/v2\/pages\/44\/revisions\/77"}],"wp:attachment":[{"href":"https:\/\/gpingenieria.cl\/index.php\/wp-json\/wp\/v2\/media?parent=44"}],"curies":[{"name":"wp","href":"https:\/\/api.w.org\/{rel}","templated":true}]}}